{"id":706,"date":"2022-02-23T10:13:28","date_gmt":"2022-02-23T10:13:28","guid":{"rendered":"http:\/\/chezferclou.fr\/?page_id=706"},"modified":"2023-04-28T19:56:23","modified_gmt":"2023-04-28T18:56:23","slug":"nos-planches","status":"publish","type":"page","link":"https:\/\/chezferclou.fr\/?page_id=706","title":{"rendered":"Nos Planches"},"content":{"rendered":"\n<div class=\"wp-block-uagb-advanced-heading uagb-block-f30d2800\"><h3 class=\"uagb-heading-text\">Voici notre s\u00e9lection de planches \u00e0 base <br>de produits locaux et de simplicit\u00e9<\/h3><\/div>\n\n\n\n<div style=\"height:50px\" aria-hidden=\"true\" class=\"wp-block-spacer\"><\/div>\n\n\n\n<div class=\"wp-block-uagb-image aligncenter uagb-block-9f8139d1 wp-block-uagb-image--layout-default wp-block-uagb-image--effect-static wp-block-uagb-image--align-center\"><figure class=\"wp-block-uagb-image__figure\"><img loading=\"lazy\" decoding=\"async\" srcset=\"https:\/\/chezferclou.fr\/wp-content\/uploads\/2023\/04\/Page-3.png \" src=\"https:\/\/chezferclou.fr\/wp-content\/uploads\/2023\/04\/Page-3.png\" alt=\"\" class=\"uag-image-1718\" width=\"704\" height=\"998\" title=\"\" loading=\"lazy\"\/><\/figure><\/div>\n","protected":false},"excerpt":{"rendered":"<p>Voici notre s\u00e9lection de planches \u00e0 base de produits locaux [&hellip;]<\/p>\n","protected":false},"author":1,"featured_media":0,"parent":0,"menu_order":0,"comment_status":"closed","ping_status":"closed","template":"","meta":{"om_disable_all_campaigns":false,"_uag_custom_page_level_css":"","_monsterinsights_skip_tracking":false,"_monsterinsights_sitenote_active":false,"_monsterinsights_sitenote_note":"","_monsterinsights_sitenote_category":0,"footnotes":""},"class_list":["post-706","page","type-page","status-publish","hentry"],"aioseo_notices":[],"uagb_featured_image_src":{"full":false,"thumbnail":false,"medium":false,"medium_large":false,"large":false,"1536x1536":false,"2048x2048":false},"uagb_author_info":{"display_name":"aurelien.chaud@hotmail.fr","author_link":"https:\/\/chezferclou.fr\/?author=1"},"uagb_comment_info":0,"uagb_excerpt":"Voici notre s\u00e9lection de planches \u00e0 base de produits locaux [&hellip;]","_links":{"self":[{"href":"https:\/\/chezferclou.fr\/index.php?rest_route=\/wp\/v2\/pages\/706","targetHints":{"allow":["GET"]}}],"collection":[{"href":"https:\/\/chezferclou.fr\/index.php?rest_route=\/wp\/v2\/pages"}],"about":[{"href":"https:\/\/chezferclou.fr\/index.php?rest_route=\/wp\/v2\/types\/page"}],"author":[{"embeddable":true,"href":"https:\/\/chezferclou.fr\/index.php?rest_route=\/wp\/v2\/users\/1"}],"replies":[{"embeddable":true,"href":"https:\/\/chezferclou.fr\/index.php?rest_route=%2Fwp%2Fv2%2Fcomments&post=706"}],"version-history":[{"count":28,"href":"https:\/\/chezferclou.fr\/index.php?rest_route=\/wp\/v2\/pages\/706\/revisions"}],"predecessor-version":[{"id":1720,"href":"https:\/\/chezferclou.fr\/index.php?rest_route=\/wp\/v2\/pages\/706\/revisions\/1720"}],"wp:attachment":[{"href":"https:\/\/chezferclou.fr\/index.php?rest_route=%2Fwp%2Fv2%2Fmedia&parent=706"}],"curies":[{"name":"wp","href":"https:\/\/api.w.org\/{rel}","templated":true}]}}