{"id":704,"date":"2022-02-23T10:13:07","date_gmt":"2022-02-23T10:13:07","guid":{"rendered":"http:\/\/chezferclou.fr\/?page_id=704"},"modified":"2025-11-21T11:08:43","modified_gmt":"2025-11-21T10:08:43","slug":"home","status":"publish","type":"page","link":"https:\/\/chezferclou.fr\/","title":{"rendered":"Accueil"},"content":{"rendered":"\n<div class=\"wp-block-cover is-light\"><span aria-hidden=\"true\" class=\"wp-block-cover__background has-white-background-color has-background-dim-100 has-background-dim\"><\/span><div class=\"wp-block-cover__inner-container is-layout-flow wp-block-cover-is-layout-flow\">\n<p class=\"has-text-align-center\" style=\"font-size:45px\">ACTUALIT\u00c9S<\/p>\n\n\n<div class=\"aligncenter wp-block-site-logo\"><a href=\"https:\/\/chezferclou.fr\/\" class=\"custom-logo-link\" rel=\"home\"><img decoding=\"async\" width=\"164\" height=\"110\" src=\"https:\/\/chezferclou.fr\/wp-content\/uploads\/2022\/07\/cropped-cropped-Logo-150.jpg\" class=\"custom-logo\" alt=\"Chez Ferclou &#8211; Au XV sur Vin\" \/><\/a><\/div><\/div><\/div>\n\n\n\n<div style=\"height:40px\" aria-hidden=\"true\" class=\"wp-block-spacer\"><\/div>\n\n\n\n<div style=\"height:30px\" aria-hidden=\"true\" class=\"wp-block-spacer\"><\/div>\n\n\n\n<hr class=\"wp-block-separator has-alpha-channel-opacity\"\/>\n\n\n\n<div style=\"height:10px\" aria-hidden=\"true\" class=\"wp-block-spacer\"><\/div>\n\n\n<div class=\"wp-block-image\">\n<figure class=\"aligncenter size-large is-resized\"><img fetchpriority=\"high\" decoding=\"async\" width=\"724\" height=\"1024\" src=\"https:\/\/chezferclou.fr\/wp-content\/uploads\/2025\/11\/WhatsApp-Image-2025-11-15-at-08.19.15-724x1024.jpeg\" alt=\"\" class=\"wp-image-1860\" style=\"width:724px;height:auto\" srcset=\"https:\/\/chezferclou.fr\/wp-content\/uploads\/2025\/11\/WhatsApp-Image-2025-11-15-at-08.19.15-724x1024.jpeg 724w, https:\/\/chezferclou.fr\/wp-content\/uploads\/2025\/11\/WhatsApp-Image-2025-11-15-at-08.19.15-283x400.jpeg 283w, https:\/\/chezferclou.fr\/wp-content\/uploads\/2025\/11\/WhatsApp-Image-2025-11-15-at-08.19.15-768x1086.jpeg 768w, https:\/\/chezferclou.fr\/wp-content\/uploads\/2025\/11\/WhatsApp-Image-2025-11-15-at-08.19.15-1086x1536.jpeg 1086w, https:\/\/chezferclou.fr\/wp-content\/uploads\/2025\/11\/WhatsApp-Image-2025-11-15-at-08.19.15.jpeg 1131w\" sizes=\"(max-width: 724px) 100vw, 724px\" \/><\/figure><\/div>\n\n\n<div style=\"height:100px\" aria-hidden=\"true\" class=\"wp-block-spacer\"><\/div>\n\n\n\n<div class=\"wp-block-cover is-light\"><img decoding=\"async\" width=\"1280\" height=\"853\" class=\"wp-block-cover__image-background wp-image-1809\" alt=\"pexels-photo-4079520-4079520.jpg\" src=\"https:\/\/chezferclou.fr\/wp-content\/uploads\/2024\/08\/pexels-photo-4079520-4079520.jpg\" data-object-fit=\"cover\" srcset=\"https:\/\/chezferclou.fr\/wp-content\/uploads\/2024\/08\/pexels-photo-4079520-4079520.jpg 1280w, https:\/\/chezferclou.fr\/wp-content\/uploads\/2024\/08\/pexels-photo-4079520-4079520-400x267.jpg 400w, https:\/\/chezferclou.fr\/wp-content\/uploads\/2024\/08\/pexels-photo-4079520-4079520-1024x682.jpg 1024w, https:\/\/chezferclou.fr\/wp-content\/uploads\/2024\/08\/pexels-photo-4079520-4079520-768x512.jpg 768w\" sizes=\"(max-width: 1280px) 100vw, 1280px\" \/><span aria-hidden=\"true\" class=\"wp-block-cover__background has-background-dim-70 has-background-dim\" style=\"background-color:#c4bab2\"><\/span><div class=\"wp-block-cover__inner-container is-layout-constrained wp-block-cover-is-layout-constrained\">\n<p class=\"has-text-align-center has-large-font-size\"><strong>MENU HIVER<\/strong><\/p>\n\n\n\n<p class=\"has-text-align-center\"><br><strong>ALIGOT<\/strong><br><strong>OU <\/strong><br><strong>TARTIFLETTE<\/strong><br><strong>OU<br>FONDUE FOURME<br>OU<\/strong><br><strong>PARMENTIER<br>OU<br>LASAGNE<br><br>&#8211; JAMBON<br>&#8211; SAUCISSONS<br>&#8211; MACEDOINE<br>&#8211; DESSERT<\/strong><\/p>\n\n\n\n<div class=\"wp-block-uagb-buttons uagb-buttons__outer-wrap uagb-btn__default-btn uagb-btn-tablet__default-btn uagb-btn-mobile__default-btn uagb-block-ff0155a1\"><div class=\"uagb-buttons__wrap uagb-buttons-layout-wrap \">\n<div class=\"wp-block-uagb-buttons-child uagb-buttons__outer-wrap uagb-block-7b3b0452 wp-block-button\"><div class=\"uagb-button__wrapper\"><a class=\"uagb-buttons-repeater wp-block-button__link\" aria-label=\"\" href=\"#\" rel=\"follow noopener\" target=\"_self\" role=\"button\"><div class=\"uagb-button__link\">17\u20ac<\/div><\/a><\/div><\/div>\n<\/div><\/div>\n\n\n\n<p><em>Circuit court, provenance de Verri\u00e8re Traiteur (Saint Marcellin en Forez 42)<\/em><\/p>\n<\/div><\/div>\n\n\n\n<div style=\"height:100px\" aria-hidden=\"true\" class=\"wp-block-spacer\"><\/div>\n\n\n\n<div class=\"wp-block-columns alignwide is-layout-flex wp-container-core-columns-is-layout-9d6595d7 wp-block-columns-is-layout-flex\">\n<div class=\"wp-block-column is-layout-flow wp-block-column-is-layout-flow\"><div class=\"wp-block-image\">\n<figure class=\"aligncenter size-full\"><img loading=\"lazy\" decoding=\"async\" width=\"847\" height=\"220\" src=\"https:\/\/chezferclou.fr\/wp-content\/uploads\/2024\/08\/Capture-decran-2024-08-01-223528-1.jpg\" alt=\"\" class=\"wp-image-1818\" srcset=\"https:\/\/chezferclou.fr\/wp-content\/uploads\/2024\/08\/Capture-decran-2024-08-01-223528-1.jpg 847w, https:\/\/chezferclou.fr\/wp-content\/uploads\/2024\/08\/Capture-decran-2024-08-01-223528-1-400x104.jpg 400w, https:\/\/chezferclou.fr\/wp-content\/uploads\/2024\/08\/Capture-decran-2024-08-01-223528-1-768x199.jpg 768w\" sizes=\"(max-width: 847px) 100vw, 847px\" \/><\/figure><\/div><\/div>\n<\/div>\n\n\n\n<div class=\"wp-block-uagb-container uagb-block-4824af13 alignfull uagb-is-root-container\"><div class=\"uagb-container-inner-blocks-wrap\">\n<div class=\"wp-block-uagb-container uagb-block-4faa4989\"><\/div>\n\n\n\n<div class=\"wp-block-uagb-container uagb-block-dd7cd3ed\">\n<figure class=\"wp-block-image size-full\"><img loading=\"lazy\" decoding=\"async\" width=\"1008\" height=\"529\" src=\"https:\/\/chezferclou.fr\/wp-content\/uploads\/2025\/01\/Livradois_MarqueurSeul_RVB-coul.png\" alt=\"\" class=\"wp-image-1837\" srcset=\"https:\/\/chezferclou.fr\/wp-content\/uploads\/2025\/01\/Livradois_MarqueurSeul_RVB-coul.png 1008w, https:\/\/chezferclou.fr\/wp-content\/uploads\/2025\/01\/Livradois_MarqueurSeul_RVB-coul-400x210.png 400w, https:\/\/chezferclou.fr\/wp-content\/uploads\/2025\/01\/Livradois_MarqueurSeul_RVB-coul-768x403.png 768w\" sizes=\"(max-width: 1008px) 100vw, 1008px\" \/><\/figure>\n<\/div>\n\n\n\n<div class=\"wp-block-uagb-container uagb-block-cc1983b4\"><\/div>\n<\/div><\/div>\n\n\n\n<hr class=\"wp-block-separator has-alpha-channel-opacity\"\/>\n\n\n\n<div style=\"height:30px\" aria-hidden=\"true\" class=\"wp-block-spacer\"><\/div>\n\n\n\n<div class=\"wp-block-group alignfull has-ast-global-color-4-background-color has-background\"><div class=\"wp-block-group__inner-container is-layout-constrained wp-block-group-is-layout-constrained\">\n<h2 class=\"wp-block-heading has-text-align-center\">A propos de nous<\/h2>\n\n\n\n<div style=\"height:30px\" aria-hidden=\"true\" class=\"wp-block-spacer\"><\/div>\n\n\n\n<p class=\"has-text-align-center\">Enfant du pays et apr\u00e8s avoir sillonn\u00e9 l&rsquo;Auvergne \u00e0 bord de mon ambulance, je souhaite aujourd&rsquo;hui offrir mes services aupr\u00e8s des gens dans un tout autre domaine.<br>Le XV sur Vin a ouvert ses portes le 13 septembre pour vous accueillir sous un nouveau concept : bar \u00e0 vins, planches, soir\u00e9e \u00e0 th\u00e8me.<br>Le XV sur Vin, c&rsquo;est une offre de produits locaux et de qualit\u00e9 pour vous faire d\u00e9couvrir les plaisirs de notre terroir, en circuits courts.<br>Le XV sur Vin, c&rsquo;est aussi quatres chambres \u00e0 la location afin que vous preniez le temps de d\u00e9couvrir la Vall\u00e9e de l&rsquo;Ance, le Forez et le Livradois.<br>Habitants, locaux, ou de passage pour parcourir notre r\u00e9gion ou pour vos d\u00e9placements professionnels, n&rsquo;h\u00e9sitez pas \u00e0 venir nous rencontrer et \u00e0 pousser la porte de ce lieu o\u00f9 chaleur et convivialit\u00e9 riment avec bons vins, plaisirs et partage.<\/p>\n\n\n\n<p class=\"has-text-align-center\">.<\/p>\n\n\n\n<div style=\"height:50px\" aria-hidden=\"true\" class=\"wp-block-spacer\"><\/div>\n\n\n\n<div class=\"wp-block-columns is-layout-flex wp-container-core-columns-is-layout-9d6595d7 wp-block-columns-is-layout-flex\">\n<div class=\"wp-block-column is-layout-flow wp-block-column-is-layout-flow\">\n<div class=\"wp-block-uagb-image uagb-block-0c88dc01 wp-block-uagb-image--layout-default wp-block-uagb-image--effect-static wp-block-uagb-image--align-none\"><figure class=\"wp-block-uagb-image__figure\"><img loading=\"lazy\" decoding=\"async\" srcset=\"https:\/\/chezferclou.fr\/wp-content\/uploads\/2022\/09\/WhatsApp-Image-2022-09-11-at-18.51.05-1024x768.jpeg \" sizes=\"auto, (max-width: 480px) 150px\" src=\"https:\/\/chezferclou.fr\/wp-content\/uploads\/2022\/09\/WhatsApp-Image-2022-09-11-at-18.51.05-1024x768.jpeg\" alt=\"\" class=\"uag-image-1427\" width=\"1024\" height=\"768\" title=\"\" loading=\"lazy\" role=\"img\"\/><\/figure><\/div>\n<\/div>\n\n\n\n<div class=\"wp-block-column is-layout-flow wp-block-column-is-layout-flow\">\n<div class=\"wp-block-uagb-image uagb-block-9096dfd3 wp-block-uagb-image--layout-default wp-block-uagb-image--effect-static wp-block-uagb-image--align-none\"><figure class=\"wp-block-uagb-image__figure\"><img loading=\"lazy\" decoding=\"async\" srcset=\"https:\/\/chezferclou.fr\/wp-content\/uploads\/2022\/09\/WhatsApp-Image-2022-09-11-at-18.51.21-1024x768.jpeg \" sizes=\"auto, (max-width: 480px) 150px\" src=\"https:\/\/chezferclou.fr\/wp-content\/uploads\/2022\/09\/WhatsApp-Image-2022-09-11-at-18.51.21-1024x768.jpeg\" alt=\"\" class=\"uag-image-1425\" width=\"1024\" height=\"768\" title=\"\" loading=\"lazy\" role=\"img\"\/><\/figure><\/div>\n<\/div>\n<\/div>\n<\/div><\/div>\n\n\n\n<div style=\"height:60px\" aria-hidden=\"true\" class=\"wp-block-spacer\"><\/div>\n\n\n\n<hr class=\"wp-block-separator has-alpha-channel-opacity\"\/>\n\n\n\n<div class=\"wp-block-group alignfull has-ast-global-color-5-background-color has-background\"><div class=\"wp-block-group__inner-container is-layout-constrained wp-block-group-is-layout-constrained\">\n<div class=\"wp-block-columns is-layout-flex wp-container-core-columns-is-layout-9d6595d7 wp-block-columns-is-layout-flex\">\n<div class=\"wp-block-column is-vertically-aligned-center is-layout-flow wp-block-column-is-layout-flow\">\n<div class=\"wp-block-columns has-ast-global-color-0-background-color has-background is-layout-flex wp-container-core-columns-is-layout-9d6595d7 wp-block-columns-is-layout-flex\">\n<div class=\"wp-block-column is-layout-flow wp-block-column-is-layout-flow\">\n<div class=\"wp-block-group\"><div class=\"wp-block-group__inner-container is-layout-flow wp-block-group-is-layout-flow\">\n<iframe src=\"https:\/\/www.google.com\/maps\/embed?pb=!4v1659123197686!6m8!1m7!1se3ZqMFa46Wwid9BgzQrWmQ!2m2!1d45.50022456864838!2d3.922437332889308!3f252.53909143197166!4f2.6383829643305603!5f0.7820865974627469\" style=\"border:0;\" allowfullscreen=\"\" loading=\"lazy\" referrerpolicy=\"no-referrer-when-downgrade\" width=\"100%\" height=\"400px\"><\/iframe>\n\n\n\n<div class=\"wp-block-uagb-info-box uagb-block-9e1eb032 uagb-infobox__content-wrap  uagb-infobox-icon-above-title uagb-infobox-image-valign-top uagb-infobox__outer-wrap\"><div class=\"uagb-ifb-content\"><div class=\"uagb-ifb-icon-wrap\"><svg xmlns=\"https:\/\/www.w3.org\/2000\/svg\" viewBox=\"0 0 384 512\"><path d=\"M168.3 499.2C116.1 435 0 279.4 0 192C0 85.96 85.96 0 192 0C298 0 384 85.96 384 192C384 279.4 267 435 215.7 499.2C203.4 514.5 180.6 514.5 168.3 499.2H168.3zM192 256C227.3 256 256 227.3 256 192C256 156.7 227.3 128 192 128C156.7 128 128 156.7 128 192C128 227.3 156.7 256 192 256z\"><\/path><\/svg><\/div><div class=\"uagb-ifb-title-wrap\"><h6 class=\"uagb-ifb-title\"><strong>4 Place Abb\u00e9 Dussol 63660 Saint Cl\u00e9ment de Valorgue<\/strong><\/h6><\/div><\/div><\/div>\n<\/div><\/div>\n<\/div>\n<\/div>\n<\/div>\n\n\n\n<div class=\"wp-block-column is-vertically-aligned-center is-layout-flow wp-block-column-is-layout-flow\">\n<h3 class=\"wp-block-heading has-text-align-right\">Horaires d&rsquo;ouverture<\/h3>\n\n\n\n<hr class=\"wp-block-separator has-text-color has-ast-global-color-3-color has-css-opacity has-ast-global-color-3-background-color has-background\"\/>\n\n\n\n<p class=\"has-text-align-right\"><strong>Mercredi au Dimanche : 7h30 &#8211; 14h &amp; 18h &#8211; 00h<\/strong><br><\/p>\n\n\n\n<p class=\"has-text-align-right\"><em>Ferm\u00e9 le Lundi et Mardi<\/em><br><\/p>\n<\/div>\n<\/div>\n<\/div><\/div>\n\n\n\n<p><\/p>\n","protected":false},"excerpt":{"rendered":"<p>A propos de nous Enfant du pays et apr\u00e8s avoir [&hellip;]<\/p>\n","protected":false},"author":1,"featured_media":0,"parent":0,"menu_order":0,"comment_status":"closed","ping_status":"closed","template":"","meta":{"om_disable_all_campaigns":false,"_uag_custom_page_level_css":"","_monsterinsights_skip_tracking":false,"_monsterinsights_sitenote_active":false,"_monsterinsights_sitenote_note":"","_monsterinsights_sitenote_category":0,"footnotes":""},"class_list":["post-704","page","type-page","status-publish","hentry"],"aioseo_notices":[],"uagb_featured_image_src":{"full":false,"thumbnail":false,"medium":false,"medium_large":false,"large":false,"1536x1536":false,"2048x2048":false},"uagb_author_info":{"display_name":"aurelien.chaud@hotmail.fr","author_link":"https:\/\/chezferclou.fr\/?author=1"},"uagb_comment_info":0,"uagb_excerpt":"A propos de nous Enfant du pays et apr\u00e8s avoir [&hellip;]","_links":{"self":[{"href":"https:\/\/chezferclou.fr\/index.php?rest_route=\/wp\/v2\/pages\/704","targetHints":{"allow":["GET"]}}],"collection":[{"href":"https:\/\/chezferclou.fr\/index.php?rest_route=\/wp\/v2\/pages"}],"about":[{"href":"https:\/\/chezferclou.fr\/index.php?rest_route=\/wp\/v2\/types\/page"}],"author":[{"embeddable":true,"href":"https:\/\/chezferclou.fr\/index.php?rest_route=\/wp\/v2\/users\/1"}],"replies":[{"embeddable":true,"href":"https:\/\/chezferclou.fr\/index.php?rest_route=%2Fwp%2Fv2%2Fcomments&post=704"}],"version-history":[{"count":118,"href":"https:\/\/chezferclou.fr\/index.php?rest_route=\/wp\/v2\/pages\/704\/revisions"}],"predecessor-version":[{"id":1864,"href":"https:\/\/chezferclou.fr\/index.php?rest_route=\/wp\/v2\/pages\/704\/revisions\/1864"}],"wp:attachment":[{"href":"https:\/\/chezferclou.fr\/index.php?rest_route=%2Fwp%2Fv2%2Fmedia&parent=704"}],"curies":[{"name":"wp","href":"https:\/\/api.w.org\/{rel}","templated":true}]}}